{"id":704,"date":"2024-12-10T13:21:29","date_gmt":"2024-12-10T13:21:29","guid":{"rendered":"https:\/\/arsdidactica.com\/?post_type=product&#038;p=704"},"modified":"2024-12-13T21:32:09","modified_gmt":"2024-12-13T21:32:09","slug":"visita-guiada-conoce-besalu","status":"publish","type":"product","link":"https:\/\/arsdidactica.com\/en\/producto\/visita-guiada-conoce-besalu\/","title":{"rendered":"Guided tour to discover Besal\u00fa"},"content":{"rendered":"<p>Guided discovery tour that will take you to visit the most outstanding places in the medieval town: The Monastery of Sant Pere, the Royal Curia, the Romanesque bridge, the Jewish Quarter, the synagogue and the old hospital of Sant Juli\u00e0.<\/p>\n<p>To carry out the guided tour we will use the support of different materials such as maps, old photographs, illustrations of medieval characters, etc.<\/p>\n<p>&nbsp;<\/p>\n<h3>Educational objectives<\/h3>\n<ul>\n<li>Sharing and reconstructing stories that artistic manifestations reveal to us.<\/li>\n<li>Learn about the historical and artistic heritage of the town of Besal\u00fa.<\/li>\n<li>Promote understanding of chronological time.<\/li>\n<li>Motivate initiative for the discovery and use of different sources of information.<\/li>\n<\/ul>\n<p>&nbsp;<\/p>\n<h3>Educational level<\/h3>\n<p>Primary and Secondary Education (Eso and Baccalaureate).<\/p>\n<p>&nbsp;<\/p>\n<h3>Duration<\/h3>\n<p>1 hour and 30 minutes.<\/p>\n<p>&nbsp;<\/p>\n<h3>Price<\/h3>\n<ul>\n<li>Contact us indicating the number of participants and we will make you a customized quote.<\/li>\n<li><em>The guided tour is outside, it does not include entrance fees. There is the possibility of entering the Jewish baths (miqv\u00e9) by paying the current municipal tax. Contact us for a quote with entrance fees<\/em><\/li>\n<\/ul>","protected":false},"excerpt":{"rendered":"<p>Visita guiada de descoberta que us portar\u00e0 a visitar els llocs m\u00e9s destacats de la vila medieval: El monestir de Sant Pere, la C\u00faria Reial, el pont rom\u00e0nic, el Call Jueu, la sinagoga i l\u2019antic hospital de Sant Juli\u00e0.<\/p>","protected":false},"featured_media":711,"comment_status":"open","ping_status":"closed","template":"","meta":{"site-sidebar-layout":"default","site-content-layout":"","ast-site-content-layout":"default","site-content-style":"default","site-sidebar-style":"default","ast-global-header-display":"","ast-banner-title-visibility":"","ast-main-header-display":"","ast-hfb-above-header-display":"","ast-hfb-below-header-display":"","ast-hfb-mobile-header-display":"","site-post-title":"","ast-breadcrumbs-content":"","ast-featured-img":"","footer-sml-layout":"","theme-transparent-header-meta":"default","adv-header-id-meta":"","stick-header-meta":"","header-above-stick-meta":"","header-main-stick-meta":"","header-below-stick-meta":"","astra-migrate-meta-layouts":"set","ast-page-background-enabled":"default","ast-page-background-meta":{"desktop":{"background-color":"var(--ast-global-color-4)","background-image":"","background-repeat":"repeat","background-position":"center center","background-size":"auto","background-attachment":"scroll","background-type":"","background-media":"","overlay-type":"","overlay-color":"","overlay-opacity":"","overlay-gradient":""},"tablet":{"background-color":"","background-image":"","background-repeat":"repeat","background-position":"center center","background-size":"auto","background-attachment":"scroll","background-type":"","background-media":"","overlay-type":"","overlay-color":"","overlay-opacity":"","overlay-gradient":""},"mobile":{"background-color":"","background-image":"","background-repeat":"repeat","background-position":"center center","background-size":"auto","background-attachment":"scroll","background-type":"","background-media":"","overlay-type":"","overlay-color":"","overlay-opacity":"","overlay-gradient":""}},"ast-content-background-meta":{"desktop":{"background-color":"var(--ast-global-color-5)","background-image":"","background-repeat":"repeat","background-position":"center center","background-size":"auto","background-attachment":"scroll","background-type":"","background-media":"","overlay-type":"","overlay-color":"","overlay-opacity":"","overlay-gradient":""},"tablet":{"background-color":"var(--ast-global-color-5)","background-image":"","background-repeat":"repeat","background-position":"center center","background-size":"auto","background-attachment":"scroll","background-type":"","background-media":"","overlay-type":"","overlay-color":"","overlay-opacity":"","overlay-gradient":""},"mobile":{"background-color":"var(--ast-global-color-5)","background-image":"","background-repeat":"repeat","background-position":"center center","background-size":"auto","background-attachment":"scroll","background-type":"","background-media":"","overlay-type":"","overlay-color":"","overlay-opacity":"","overlay-gradient":""}}},"product_cat":[27],"product_tag":[],"class_list":{"0":"post-704","1":"product","2":"type-product","3":"status-publish","4":"has-post-thumbnail","6":"product_cat-escoles","7":"desktop-align-left","8":"tablet-align-left","9":"mobile-align-left","11":"first","12":"instock","13":"shipping-taxable","14":"product-type-simple"},"_links":{"self":[{"href":"https:\/\/arsdidactica.com\/en\/wp-json\/wp\/v2\/product\/704","targetHints":{"allow":["GET"]}}],"collection":[{"href":"https:\/\/arsdidactica.com\/en\/wp-json\/wp\/v2\/product"}],"about":[{"href":"https:\/\/arsdidactica.com\/en\/wp-json\/wp\/v2\/types\/product"}],"replies":[{"embeddable":true,"href":"https:\/\/arsdidactica.com\/en\/wp-json\/wp\/v2\/comments?post=704"}],"wp:featuredmedia":[{"embeddable":true,"href":"https:\/\/arsdidactica.com\/en\/wp-json\/wp\/v2\/media\/711"}],"wp:attachment":[{"href":"https:\/\/arsdidactica.com\/en\/wp-json\/wp\/v2\/media?parent=704"}],"wp:term":[{"taxonomy":"product_cat","embeddable":true,"href":"https:\/\/arsdidactica.com\/en\/wp-json\/wp\/v2\/product_cat?post=704"},{"taxonomy":"product_tag","embeddable":true,"href":"https:\/\/arsdidactica.com\/en\/wp-json\/wp\/v2\/product_tag?post=704"}],"curies":[{"name":"wp","href":"https:\/\/api.w.org\/{rel}","templated":true}]}}