{"id":673,"date":"2024-12-09T19:10:51","date_gmt":"2024-12-09T19:10:51","guid":{"rendered":"https:\/\/arsdidactica.com\/?post_type=product&#038;p=673"},"modified":"2024-12-13T20:55:43","modified_gmt":"2024-12-13T20:55:43","slug":"besalu-viaje-a-los-origenes","status":"publish","type":"product","link":"https:\/\/arsdidactica.com\/en\/producto\/besalu-viaje-a-los-origenes\/","title":{"rendered":"Besal\u00fa, journey to the origins"},"content":{"rendered":"<p>Discovery tour of the town of Besal\u00fa from its origins to the present day.<\/p>\n<p>We will explain the historical evolution of the town through archaeological excavations, architectural and artistic works, audiovisual media...<\/p>\n<p>The visit will take us to the most outstanding places: the Romanesque bridge, the Jewish quarter and the archaeological remains of the synagogue, the monastery of Sant Pere, the old hospital of Sant Juli\u00e0, the Royal Curia and the Subir\u00f3s flour mill.<\/p>\n<p>&nbsp;<\/p>\n<h3>Educational objectives<\/h3>\n<ul>\n<li>Learn about the historical evolution of the town of Besal\u00fa.<\/li>\n<li>Learn that artistic manifestations are a valuable testimony to the historical context in which they were created.<\/li>\n<li>Discover, enjoy and value heritage.<\/li>\n<li>Learn about various sources that allow you to analyze, contrast and interpret various information and assessments about historical and artistic aspects.<\/li>\n<\/ul>\n<p>&nbsp;<\/p>\n<h3>Educational level<\/h3>\n<p>Secondary (Eso and Baccalaureate)<\/p>\n<p>&nbsp;<\/p>\n<h3>Material<\/h3>\n<ul>\n<li>Arsdidactica will provide: Fieldwork dossier<\/li>\n<li>The student will bring: Writing material<\/li>\n<\/ul>\n<p><\/p>\n<h3>Duration<\/h3>\n<p>2 Hours<\/p>\n<p><\/p>\n<h3>Price<\/h3>\n<ul>\n<li>Contact us indicating the number of participants and we will make you a customized quote.\n<\/li>\n<\/ul>","protected":false},"excerpt":{"rendered":"<p>Visita de descoberta de la vila de Besal\u00fa des dels seus or\u00edgens fins arribar als nostres dies. Explicarem l\u2019evoluci\u00f3 hist\u00f2rica del poble a trav\u00e9s d\u2019 excavacions arqueol\u00f2giques, obres arquitect\u00f2niques i art\u00edstiques,mitjans audiovisuals\u2026<\/p>","protected":false},"featured_media":674,"comment_status":"open","ping_status":"closed","template":"","meta":{"site-sidebar-layout":"default","site-content-layout":"","ast-site-content-layout":"default","site-content-style":"default","site-sidebar-style":"default","ast-global-header-display":"","ast-banner-title-visibility":"","ast-main-header-display":"","ast-hfb-above-header-display":"","ast-hfb-below-header-display":"","ast-hfb-mobile-header-display":"","site-post-title":"","ast-breadcrumbs-content":"","ast-featured-img":"","footer-sml-layout":"","theme-transparent-header-meta":"default","adv-header-id-meta":"","stick-header-meta":"","header-above-stick-meta":"","header-main-stick-meta":"","header-below-stick-meta":"","astra-migrate-meta-layouts":"set","ast-page-background-enabled":"default","ast-page-background-meta":{"desktop":{"background-color":"var(--ast-global-color-4)","background-image":"","background-repeat":"repeat","background-position":"center center","background-size":"auto","background-attachment":"scroll","background-type":"","background-media":"","overlay-type":"","overlay-color":"","overlay-opacity":"","overlay-gradient":""},"tablet":{"background-color":"","background-image":"","background-repeat":"repeat","background-position":"center center","background-size":"auto","background-attachment":"scroll","background-type":"","background-media":"","overlay-type":"","overlay-color":"","overlay-opacity":"","overlay-gradient":""},"mobile":{"background-color":"","background-image":"","background-repeat":"repeat","background-position":"center center","background-size":"auto","background-attachment":"scroll","background-type":"","background-media":"","overlay-type":"","overlay-color":"","overlay-opacity":"","overlay-gradient":""}},"ast-content-background-meta":{"desktop":{"background-color":"var(--ast-global-color-5)","background-image":"","background-repeat":"repeat","background-position":"center center","background-size":"auto","background-attachment":"scroll","background-type":"","background-media":"","overlay-type":"","overlay-color":"","overlay-opacity":"","overlay-gradient":""},"tablet":{"background-color":"var(--ast-global-color-5)","background-image":"","background-repeat":"repeat","background-position":"center center","background-size":"auto","background-attachment":"scroll","background-type":"","background-media":"","overlay-type":"","overlay-color":"","overlay-opacity":"","overlay-gradient":""},"mobile":{"background-color":"var(--ast-global-color-5)","background-image":"","background-repeat":"repeat","background-position":"center center","background-size":"auto","background-attachment":"scroll","background-type":"","background-media":"","overlay-type":"","overlay-color":"","overlay-opacity":"","overlay-gradient":""}}},"product_cat":[27],"product_tag":[],"class_list":{"0":"post-673","1":"product","2":"type-product","3":"status-publish","4":"has-post-thumbnail","6":"product_cat-escoles","7":"desktop-align-left","8":"tablet-align-left","9":"mobile-align-left","11":"first","12":"instock","13":"shipping-taxable","14":"product-type-simple"},"_links":{"self":[{"href":"https:\/\/arsdidactica.com\/en\/wp-json\/wp\/v2\/product\/673","targetHints":{"allow":["GET"]}}],"collection":[{"href":"https:\/\/arsdidactica.com\/en\/wp-json\/wp\/v2\/product"}],"about":[{"href":"https:\/\/arsdidactica.com\/en\/wp-json\/wp\/v2\/types\/product"}],"replies":[{"embeddable":true,"href":"https:\/\/arsdidactica.com\/en\/wp-json\/wp\/v2\/comments?post=673"}],"wp:featuredmedia":[{"embeddable":true,"href":"https:\/\/arsdidactica.com\/en\/wp-json\/wp\/v2\/media\/674"}],"wp:attachment":[{"href":"https:\/\/arsdidactica.com\/en\/wp-json\/wp\/v2\/media?parent=673"}],"wp:term":[{"taxonomy":"product_cat","embeddable":true,"href":"https:\/\/arsdidactica.com\/en\/wp-json\/wp\/v2\/product_cat?post=673"},{"taxonomy":"product_tag","embeddable":true,"href":"https:\/\/arsdidactica.com\/en\/wp-json\/wp\/v2\/product_tag?post=673"}],"curies":[{"name":"wp","href":"https:\/\/api.w.org\/{rel}","templated":true}]}}