{"id":634,"date":"2024-12-09T14:44:19","date_gmt":"2024-12-09T14:44:19","guid":{"rendered":"https:\/\/arsdidactica.com\/?post_type=product&#038;p=634"},"modified":"2024-12-13T19:56:27","modified_gmt":"2024-12-13T19:56:27","slug":"tierra-de-condados-y-el-arte-de-dali","status":"publish","type":"product","link":"https:\/\/arsdidactica.com\/en\/producto\/tierra-de-condados-y-el-arte-de-dali\/","title":{"rendered":"Land of counts and the art of Salvador Dal\u00ed"},"content":{"rendered":"<p>This guided tour will take you to the Dal\u00ed Museum in Figueres and two of the best-preserved and most charming towns in Catalonia, Besal\u00fa and Girona.<\/p>\n<p><b>In the morning we will visit the medieval village of Besal\u00fa<\/b>\u00a0to discover some of its most fascinating places. On the way we will explain its history as the former capital of its own \u2018countdom\u2019, its Jewish legacy and visit some of its most interesting buildings.<\/p>\n<ul>\n<li>The medieval bridge over the river Fluvi\u00e0 is the undoubted symbol of the town of Besal\u00fa.<\/li>\n<li>The Jewish quarter or call whose intricate streets are a throwback to the past.<\/li>\n<li>The Jewish baths or miqv\u00e9. Here we can enter one of the few such medieval Jewish purification baths that remain in Europe.<\/li>\n<li>The archaeological remains of the synagogue.<\/li>\n<li>The Monastery of St Pere. We will visit the inside of the former Benedictine monastery founded at the end of the 10th century.<\/li>\n<li>Old hospice of St Juli\u00e0 where pilgrims were once welcomed and cared for.<\/li>\n<li>Llibertat square<\/li>\n<\/ul>\n<p><b>Then we will head off to Figueres to visit the wonderful Dal\u00ed Museum-Theatre.<\/b>\u00a0This whole building is a work of art in itself and was conceived and designed by Dal\u00ed as a means of creating a bond between those who viewed his work and his unique artistic world.<\/p>\n<p>In its rooms there are a selection of some of his most important works, running from some of his first works, through his most daring Surrealist creations, to the works he created in the later years of his life.<\/p>\n<p>We will visit some of the most surprising rooms, including the Mae West room and the Sala del Palau del Vent, and we will stop to talk about some of his better-known works such as Galatea de les Esferes, Leda At\u00f2mica, Poesia d\u2019Am\u00e8rica, Port Alguer and Galarina.<\/p>\n<p>We will also visit the permanent exhibition of Dal\u00ed Jewels, which houses a magnificient collection of jewels designed by Dal\u00ed himself.<\/p>\n<p>All in all, a fascinating look at the life and work of this genius from the region of L\u2019Empord\u00e0.<\/p>\n<p><b>Dinarem<\/b>\u00a0un men\u00fa complet<b>\u00a0\u00a0en un restaurant amb encant.<\/b><\/p>\n<p><b>A la tarda visitarem el casc hist\u00f2ric de Girona<\/b>\u00a0. Els proposem una visita guiada per con\u00e8ixer la hist\u00f2ria, l\u2019art i tamb\u00e9 algunes de les llegendes m\u00e9s conegudes de la ciutat. \u00a0El nostre recorregut ens portar\u00e0 fins a l\u2019esgl\u00e9sia de Sant Feliu, Sant Pere de Galligants, els banys \u00e0rabs, la Catedral, el passeig de les muralles, el Call Jueu, la Rambla de la Llibertat, \u00a0les cases sobre el riu Onyar i els seus famosos ponts.<\/p>\n<p>&nbsp;<\/p>\n<h3>We will visit<\/h3>\n<p>Vila medieval de Besal\u00fa , Museu Dal\u00ed de Figueres i casc hist\u00f2ric de Girona.<\/p>\n<p>&nbsp;<\/p>\n<h3>Duration<\/h3>\n<p>One day trip (8-9 hours)<\/p>\n<p>&nbsp;<\/p>\n<h3>Other information<\/h3>\n<ul>\n<li>Small private groups of 2-15 people.<\/li>\n<li>One of the main advantages of a visit with an oficial guide is that you do not have to queue for ages to visit monuments and museums.<\/li>\n<li>We can also design a route and visit that matches the wishes of your group more exactly. Get in touch with us and we will prepare a made-to-measure proposal that you can think about at you leisure.<\/li>\n<\/ul>\n<p>&nbsp;<\/p>\n<h3>Price<\/h3>\n<p><a href=\"https:\/\/arsdidactica.com\/wp-content\/uploads\/2024\/12\/precios-rutas-de-un-dia-con-encanto-CASTELLA.pdf\" target=\"_blank\" rel=\"noopener\" class=\"btn-arsproduct\"><span class=\"elementor-button-icon\"><br \/>\n\t\t\t\t<svg aria-hidden=\"true\" class=\"e-font-icon-svg e-fas-paper-plane\" viewbox=\"0 0 512 512\" xmlns=\"http:\/\/www.w3.org\/2000\/svg\"><path d=\"M476 3.2L12.5 270.6c-18.1 10.4-15.8 35.6 2.2 43.2L121 358.4l287.3-253.2c5.5-4.9 13.3 2.6 8.6 8.3L176 407v80.5c0 23.6 28.5 32.9 42.5 15.8L282 426l124.6 52.2c14.2 6 30.4-2.9 33-18.2l72-432C515 7.8 493.3-6.8 476 3.2z\"><\/path><\/svg>\t\t\t<\/span><span>From \u20ac110 \/ person. See the price list here<\/span><\/a><\/p>\n<p><strong>The price includes:<\/strong><\/p>\n<ul>\n<li>\u00adL\u2019acompanyament d\u2019un guia i explicacions \u2013 visites guiades durant tota la ruta. ( Tamb\u00e9 us assessorem durant tota la vostra planificaci\u00f3 i organitzaci\u00f3 de la sortida sense cap cost addicional).<\/li>\n<li>\u00adEntrades al Museu Dal\u00ed, Catedral de Girona i als banys jueus de Besal\u00fa.<\/li>\n<li>\u00adUn dinar amb men\u00fa complet en un restaurant amb encant.<\/li>\n<li>\u00adTransport en un modern mini-bus. Punt de recollida en el seu hotel (Girona), estaci\u00f3 de tren- AVE ( Girona o Figueres-Vilafant) o aeroport de Girona- Costa Brava.<\/li>\n<li>Tamb\u00e9 podem recollir el grup en d\u2019altres punts. (Consulteu les condicions).<\/li>\n<\/ul>","protected":false},"excerpt":{"rendered":"<p>En aquesta ruta guiada visitarem el museu  Dal\u00ed de Figueres i dues poblacions , plenes de racons amb encant, i de les m\u00e9s ben conservades de Catalunya : Besal\u00fa i Girona.Al mat\u00ed farem una visita guiada a Besal\u00fa per tal de descobrir seus llocs m\u00e9s emblem\u00e0tics. Explicarem la hist\u00f2ria de l\u2019antiga capital comtal, el llegat jueu de la poblaci\u00f3 i veurem les obres arquitect\u00f2niques m\u00e9s destacades.<\/p>","protected":false},"featured_media":637,"comment_status":"open","ping_status":"closed","template":"","meta":{"site-sidebar-layout":"default","site-content-layout":"","ast-site-content-layout":"default","site-content-style":"default","site-sidebar-style":"default","ast-global-header-display":"","ast-banner-title-visibility":"","ast-main-header-display":"","ast-hfb-above-header-display":"","ast-hfb-below-header-display":"","ast-hfb-mobile-header-display":"","site-post-title":"","ast-breadcrumbs-content":"","ast-featured-img":"","footer-sml-layout":"","theme-transparent-header-meta":"default","adv-header-id-meta":"","stick-header-meta":"","header-above-stick-meta":"","header-main-stick-meta":"","header-below-stick-meta":"","astra-migrate-meta-layouts":"set","ast-page-background-enabled":"default","ast-page-background-meta":{"desktop":{"background-color":"var(--ast-global-color-4)","background-image":"","background-repeat":"repeat","background-position":"center center","background-size":"auto","background-attachment":"scroll","background-type":"","background-media":"","overlay-type":"","overlay-color":"","overlay-opacity":"","overlay-gradient":""},"tablet":{"background-color":"","background-image":"","background-repeat":"repeat","background-position":"center center","background-size":"auto","background-attachment":"scroll","background-type":"","background-media":"","overlay-type":"","overlay-color":"","overlay-opacity":"","overlay-gradient":""},"mobile":{"background-color":"","background-image":"","background-repeat":"repeat","background-position":"center center","background-size":"auto","background-attachment":"scroll","background-type":"","background-media":"","overlay-type":"","overlay-color":"","overlay-opacity":"","overlay-gradient":""}},"ast-content-background-meta":{"desktop":{"background-color":"var(--ast-global-color-5)","background-image":"","background-repeat":"repeat","background-position":"center center","background-size":"auto","background-attachment":"scroll","background-type":"","background-media":"","overlay-type":"","overlay-color":"","overlay-opacity":"","overlay-gradient":""},"tablet":{"background-color":"var(--ast-global-color-5)","background-image":"","background-repeat":"repeat","background-position":"center center","background-size":"auto","background-attachment":"scroll","background-type":"","background-media":"","overlay-type":"","overlay-color":"","overlay-opacity":"","overlay-gradient":""},"mobile":{"background-color":"var(--ast-global-color-5)","background-image":"","background-repeat":"repeat","background-position":"center center","background-size":"auto","background-attachment":"scroll","background-type":"","background-media":"","overlay-type":"","overlay-color":"","overlay-opacity":"","overlay-gradient":""}}},"product_cat":[25],"product_tag":[],"class_list":{"0":"post-634","1":"product","2":"type-product","3":"status-publish","4":"has-post-thumbnail","6":"product_cat-catalunya","7":"desktop-align-left","8":"tablet-align-left","9":"mobile-align-left","11":"first","12":"instock","13":"shipping-taxable","14":"product-type-simple"},"_links":{"self":[{"href":"https:\/\/arsdidactica.com\/en\/wp-json\/wp\/v2\/product\/634","targetHints":{"allow":["GET"]}}],"collection":[{"href":"https:\/\/arsdidactica.com\/en\/wp-json\/wp\/v2\/product"}],"about":[{"href":"https:\/\/arsdidactica.com\/en\/wp-json\/wp\/v2\/types\/product"}],"replies":[{"embeddable":true,"href":"https:\/\/arsdidactica.com\/en\/wp-json\/wp\/v2\/comments?post=634"}],"wp:featuredmedia":[{"embeddable":true,"href":"https:\/\/arsdidactica.com\/en\/wp-json\/wp\/v2\/media\/637"}],"wp:attachment":[{"href":"https:\/\/arsdidactica.com\/en\/wp-json\/wp\/v2\/media?parent=634"}],"wp:term":[{"taxonomy":"product_cat","embeddable":true,"href":"https:\/\/arsdidactica.com\/en\/wp-json\/wp\/v2\/product_cat?post=634"},{"taxonomy":"product_tag","embeddable":true,"href":"https:\/\/arsdidactica.com\/en\/wp-json\/wp\/v2\/product_tag?post=634"}],"curies":[{"name":"wp","href":"https:\/\/api.w.org\/{rel}","templated":true}]}}