{"id":601,"date":"2024-12-08T22:48:14","date_gmt":"2024-12-08T22:48:14","guid":{"rendered":"https:\/\/arsdidactica.com\/?post_type=product&#038;p=601"},"modified":"2024-12-13T17:58:13","modified_gmt":"2024-12-13T17:58:13","slug":"visita-guiada-al-museo-dali-de-figueras","status":"publish","type":"product","link":"https:\/\/arsdidactica.com\/en\/producto\/visita-guiada-al-museo-dali-de-figueras\/","title":{"rendered":"Guided tour Dal\u00ed museum in Figueres"},"content":{"rendered":"<p>This whole building is a work of art in itself and was conceived and designed by Dal\u00ed as a means of creating a bond between those who viewed his work and his unique artistic world.<\/p>\n<p>In its rooms there are a selection of some of his most important works, running from some of his first works, through his most daring Surrealist creations, to the works he created in the later years of his life.<\/p>\n<p>We will visit some of the most surprising rooms, including the Mae West room and the Sala del Palau del Vent, and we will stop to talk about some of his better-known works such as Galatea de les Esferes, Leda At\u00f2mica, Poesia d\u2019Am\u00e8rica, Port Alguer and Galarina.<\/p>\n<p>We will also visit the permanent exhibition of Dal\u00ed Jewels, which houses a magnificient collection of jewels designed by Dal\u00ed himself.<\/p>\n<p>All in all, a fascinating look at the life and work of this genius from the region of L\u2019Empord\u00e0.<\/p>\n<p><\/p>\n<h3>We will visit<\/h3>\n<p>Dal\u00ed Museum in Figueres.<\/p>\n<p><\/p>\n<h3>Other information<\/h3>\n<ul>\n<li>One of the main advantages of a visit with an oficial guide is that you do not have to queue for ages to visit monuments and museums.<\/li>\n<li>When you make the reservation with us we can include the price of the entrance to the museum and the making of the reservation without any additional administrative fee.<\/li>\n<\/ul>\n<p>&nbsp;<\/p>\n<h3>Duration<\/h3>\n<p>2 Hours<\/p>\n<h3>Price<\/h3>\n<ul>\n<li>Contact us indicating the number of participants and we will make you a customized quote.<\/li>\n<\/ul>","protected":false},"excerpt":{"rendered":"<p>La m\u00e9s gran obra d\u2019art de Dal\u00ed \u00e9s ,sens dubte, el Teatre-Museu Dal\u00ed de Figueres. Aquest museu, va ser concebut i dissenyat per l\u2019artista per tal de crear un vincle directe entre l\u2019espectador i el seu m\u00f3n art\u00edstic \u00fanic. Dins les seves sales hi trobarem una variada selecci\u00f3 d\u2019obres de l\u2019artista, que van des de les seves primeres obres, passant per les seves creacions surrealistes, fins a obres dels \u00faltims anys de la seva vida.<\/p>","protected":false},"featured_media":603,"comment_status":"open","ping_status":"closed","template":"","meta":{"site-sidebar-layout":"default","site-content-layout":"","ast-site-content-layout":"default","site-content-style":"default","site-sidebar-style":"default","ast-global-header-display":"","ast-banner-title-visibility":"","ast-main-header-display":"","ast-hfb-above-header-display":"","ast-hfb-below-header-display":"","ast-hfb-mobile-header-display":"","site-post-title":"","ast-breadcrumbs-content":"","ast-featured-img":"","footer-sml-layout":"","theme-transparent-header-meta":"default","adv-header-id-meta":"","stick-header-meta":"","header-above-stick-meta":"","header-main-stick-meta":"","header-below-stick-meta":"","astra-migrate-meta-layouts":"set","ast-page-background-enabled":"default","ast-page-background-meta":{"desktop":{"background-color":"var(--ast-global-color-4)","background-image":"","background-repeat":"repeat","background-position":"center center","background-size":"auto","background-attachment":"scroll","background-type":"","background-media":"","overlay-type":"","overlay-color":"","overlay-opacity":"","overlay-gradient":""},"tablet":{"background-color":"","background-image":"","background-repeat":"repeat","background-position":"center center","background-size":"auto","background-attachment":"scroll","background-type":"","background-media":"","overlay-type":"","overlay-color":"","overlay-opacity":"","overlay-gradient":""},"mobile":{"background-color":"","background-image":"","background-repeat":"repeat","background-position":"center center","background-size":"auto","background-attachment":"scroll","background-type":"","background-media":"","overlay-type":"","overlay-color":"","overlay-opacity":"","overlay-gradient":""}},"ast-content-background-meta":{"desktop":{"background-color":"var(--ast-global-color-5)","background-image":"","background-repeat":"repeat","background-position":"center center","background-size":"auto","background-attachment":"scroll","background-type":"","background-media":"","overlay-type":"","overlay-color":"","overlay-opacity":"","overlay-gradient":""},"tablet":{"background-color":"var(--ast-global-color-5)","background-image":"","background-repeat":"repeat","background-position":"center center","background-size":"auto","background-attachment":"scroll","background-type":"","background-media":"","overlay-type":"","overlay-color":"","overlay-opacity":"","overlay-gradient":""},"mobile":{"background-color":"var(--ast-global-color-5)","background-image":"","background-repeat":"repeat","background-position":"center center","background-size":"auto","background-attachment":"scroll","background-type":"","background-media":"","overlay-type":"","overlay-color":"","overlay-opacity":"","overlay-gradient":""}}},"product_cat":[25],"product_tag":[],"class_list":{"0":"post-601","1":"product","2":"type-product","3":"status-publish","4":"has-post-thumbnail","6":"product_cat-catalunya","7":"desktop-align-left","8":"tablet-align-left","9":"mobile-align-left","11":"first","12":"instock","13":"shipping-taxable","14":"product-type-simple"},"_links":{"self":[{"href":"https:\/\/arsdidactica.com\/en\/wp-json\/wp\/v2\/product\/601","targetHints":{"allow":["GET"]}}],"collection":[{"href":"https:\/\/arsdidactica.com\/en\/wp-json\/wp\/v2\/product"}],"about":[{"href":"https:\/\/arsdidactica.com\/en\/wp-json\/wp\/v2\/types\/product"}],"replies":[{"embeddable":true,"href":"https:\/\/arsdidactica.com\/en\/wp-json\/wp\/v2\/comments?post=601"}],"wp:featuredmedia":[{"embeddable":true,"href":"https:\/\/arsdidactica.com\/en\/wp-json\/wp\/v2\/media\/603"}],"wp:attachment":[{"href":"https:\/\/arsdidactica.com\/en\/wp-json\/wp\/v2\/media?parent=601"}],"wp:term":[{"taxonomy":"product_cat","embeddable":true,"href":"https:\/\/arsdidactica.com\/en\/wp-json\/wp\/v2\/product_cat?post=601"},{"taxonomy":"product_tag","embeddable":true,"href":"https:\/\/arsdidactica.com\/en\/wp-json\/wp\/v2\/product_tag?post=601"}],"curies":[{"name":"wp","href":"https:\/\/api.w.org\/{rel}","templated":true}]}}