{"id":592,"date":"2024-12-08T18:54:20","date_gmt":"2024-12-08T18:54:20","guid":{"rendered":"https:\/\/arsdidactica.com\/?post_type=product&#038;p=592"},"modified":"2024-12-13T18:55:58","modified_gmt":"2024-12-13T18:55:58","slug":"rincones-del-ampurdan-y-la-costa-brava","status":"publish","type":"product","link":"https:\/\/arsdidactica.com\/en\/producto\/rincones-del-ampurdan-y-la-costa-brava\/","title":{"rendered":"The Empord\u00e0 region and Costa Brava"},"content":{"rendered":"<p>This guided tour takes you to two medieval villages in the Empord\u00e0 region, the castle that Salvador Dal\u00ed gave to his wife Gala, and the former fishing village of Calella de Palafrugell on the Costa Brava.<\/p>\n<p><b>We begin by visiting Castle Gala Dal\u00ed in P\u00fabol,<\/b>\u00a0which Dal\u00ed gave as a present to his wife and whose interior he spent much tie and creative energy decorating. The castle is one of Dal\u00ed\u2019s most entertaining master works and we will visit some of the its rooms and its surprising garden.<\/p>\n<p><b>From here we head off to the villages of Monells and Peratallada<\/b>in the heart of the region of L\u2019Empord\u00e0. First, we will wander through the stone streets and squares of Monells to discover the evolution and special details of its architecture before moving onto the medieval centre of the village of Peratllada.<\/p>\n<p>Here we will see its castle, medieval walls and clock tower, the vaulted town square and the church of Sant Esteve.<\/p>\n<p><b>After lunch<\/b>\u00a0we will move onto Calella de Palafrugell, one of the highlights of the Costa Brava and a village that still retains the charm of the fishing villages that once dotted this coastline. We will visit its narrow streets and its white porched houses overlooking the sea, and enjoy the full glories of its traditional architecture.<\/p>\n<p>Calella is also known for its beaches and coves and so we will stroll along the coast path to climb one of the cliffs overlooking this stretch of the Costa Brava.<\/p>\n<p>Finally, we will visit the Cap Roig Botanical Garden, one of the most important such gardens in the whole of the Mediterranean, where in summer the prestigious Cap Roig Musical Festival is held.<\/p>\n<p>In these gardens we will visit the Pla\u00e7a del Castell, the cactus garden, the Mirador de la Lady, the Geranium Walk and the Bassin Terrace, among other parts of the garden, to get an idea of the full riches of its landscapes.<\/p>\n<p><\/p>\n<h3>We will visit<\/h3>\n<p>Castle Gala Dal\u00ed in P\u00fabol, villages of Monells, Peratallada and Calella de Palafrugell and Cap Roig Botanical Garden.<\/p>\n<p>&nbsp;<\/p>\n<h3>Duration<\/h3>\n<p>One day trip (8-9 hours)<\/p>\n<p><\/p>\n<h3>Other information<\/h3>\n<ul>\n<li>Small private groups of 2-15 people.<\/li>\n<li>One of the main advantages of a visit with an oficial guide is that you do not have to queue for ages to visit monuments and museums.<\/li>\n<li>We can also design a route and visit that matches the wishes of your group more exactly. Get in touch with us and we will prepare a made-to-measure proposal that you can think about at you leisure.<\/li>\n<\/ul>\n<p>&nbsp;<\/p>\n<h3>Price<\/h3>\n<p><a href=\"https:\/\/arsdidactica.com\/wp-content\/uploads\/2024\/12\/precios-rutas-de-un-dia-con-encanto-CASTELLA.pdf\" target=\"_blank\" rel=\"noopener\" class=\"btn-arsproduct\"><span class=\"elementor-button-icon\"><br \/>\n\t\t\t\t<svg aria-hidden=\"true\" class=\"e-font-icon-svg e-fas-paper-plane\" viewbox=\"0 0 512 512\" xmlns=\"http:\/\/www.w3.org\/2000\/svg\"><path d=\"M476 3.2L12.5 270.6c-18.1 10.4-15.8 35.6 2.2 43.2L121 358.4l287.3-253.2c5.5-4.9 13.3 2.6 8.6 8.3L176 407v80.5c0 23.6 28.5 32.9 42.5 15.8L282 426l124.6 52.2c14.2 6 30.4-2.9 33-18.2l72-432C515 7.8 493.3-6.8 476 3.2z\"><\/path><\/svg>\t\t\t<\/span><span>From \u20ac110 \/ person. See the price list here<\/span><\/a><\/p>\n<p><strong>The price includes:<\/strong><\/p>\n<ul>\n<li>Guided visits and explanations throughout the whole day. (We can also help you organize the planning of your stay without any further charge).<\/li>\n<li>Entrance to the Castle Gala Dal\u00ed in P\u00fabol and Cap Roig Botanical Garden.<\/li>\n<li>A fill midday meal in a charming restaurant.<\/li>\n<li>Transport in a modern mini-bus. Pick-up point at your hotel (Girona), AVE train station (Girona or Figueres-Vilafant) or Girona-Costa Brava airport.<\/li>\n<li>We can also pick up the group at other points. (Consult the conditions).<\/li>\n<\/ul>","protected":false},"excerpt":{"rendered":"<p>En aquesta ruta guiada visitarem dos pobles medievals de l\u2019Empord\u00e0, el castell que Salvador Dal\u00ed va regalar a Gala i arribarem fins a la Costa Brava per con\u00e8ixer la ben conservada antiga poblaci\u00f3 de pescadors de Calella de Palafrugell .<\/p>","protected":false},"featured_media":597,"comment_status":"open","ping_status":"closed","template":"","meta":{"site-sidebar-layout":"default","site-content-layout":"","ast-site-content-layout":"default","site-content-style":"default","site-sidebar-style":"default","ast-global-header-display":"","ast-banner-title-visibility":"","ast-main-header-display":"","ast-hfb-above-header-display":"","ast-hfb-below-header-display":"","ast-hfb-mobile-header-display":"","site-post-title":"","ast-breadcrumbs-content":"","ast-featured-img":"","footer-sml-layout":"","theme-transparent-header-meta":"default","adv-header-id-meta":"","stick-header-meta":"","header-above-stick-meta":"","header-main-stick-meta":"","header-below-stick-meta":"","astra-migrate-meta-layouts":"set","ast-page-background-enabled":"default","ast-page-background-meta":{"desktop":{"background-color":"var(--ast-global-color-4)","background-image":"","background-repeat":"repeat","background-position":"center center","background-size":"auto","background-attachment":"scroll","background-type":"","background-media":"","overlay-type":"","overlay-color":"","overlay-opacity":"","overlay-gradient":""},"tablet":{"background-color":"","background-image":"","background-repeat":"repeat","background-position":"center center","background-size":"auto","background-attachment":"scroll","background-type":"","background-media":"","overlay-type":"","overlay-color":"","overlay-opacity":"","overlay-gradient":""},"mobile":{"background-color":"","background-image":"","background-repeat":"repeat","background-position":"center center","background-size":"auto","background-attachment":"scroll","background-type":"","background-media":"","overlay-type":"","overlay-color":"","overlay-opacity":"","overlay-gradient":""}},"ast-content-background-meta":{"desktop":{"background-color":"var(--ast-global-color-5)","background-image":"","background-repeat":"repeat","background-position":"center center","background-size":"auto","background-attachment":"scroll","background-type":"","background-media":"","overlay-type":"","overlay-color":"","overlay-opacity":"","overlay-gradient":""},"tablet":{"background-color":"var(--ast-global-color-5)","background-image":"","background-repeat":"repeat","background-position":"center center","background-size":"auto","background-attachment":"scroll","background-type":"","background-media":"","overlay-type":"","overlay-color":"","overlay-opacity":"","overlay-gradient":""},"mobile":{"background-color":"var(--ast-global-color-5)","background-image":"","background-repeat":"repeat","background-position":"center center","background-size":"auto","background-attachment":"scroll","background-type":"","background-media":"","overlay-type":"","overlay-color":"","overlay-opacity":"","overlay-gradient":""}}},"product_cat":[25],"product_tag":[],"class_list":{"0":"post-592","1":"product","2":"type-product","3":"status-publish","4":"has-post-thumbnail","6":"product_cat-catalunya","7":"desktop-align-left","8":"tablet-align-left","9":"mobile-align-left","11":"first","12":"instock","13":"shipping-taxable","14":"product-type-simple"},"_links":{"self":[{"href":"https:\/\/arsdidactica.com\/en\/wp-json\/wp\/v2\/product\/592","targetHints":{"allow":["GET"]}}],"collection":[{"href":"https:\/\/arsdidactica.com\/en\/wp-json\/wp\/v2\/product"}],"about":[{"href":"https:\/\/arsdidactica.com\/en\/wp-json\/wp\/v2\/types\/product"}],"replies":[{"embeddable":true,"href":"https:\/\/arsdidactica.com\/en\/wp-json\/wp\/v2\/comments?post=592"}],"wp:featuredmedia":[{"embeddable":true,"href":"https:\/\/arsdidactica.com\/en\/wp-json\/wp\/v2\/media\/597"}],"wp:attachment":[{"href":"https:\/\/arsdidactica.com\/en\/wp-json\/wp\/v2\/media?parent=592"}],"wp:term":[{"taxonomy":"product_cat","embeddable":true,"href":"https:\/\/arsdidactica.com\/en\/wp-json\/wp\/v2\/product_cat?post=592"},{"taxonomy":"product_tag","embeddable":true,"href":"https:\/\/arsdidactica.com\/en\/wp-json\/wp\/v2\/product_tag?post=592"}],"curies":[{"name":"wp","href":"https:\/\/api.w.org\/{rel}","templated":true}]}}