{"id":589,"date":"2024-12-08T16:44:08","date_gmt":"2024-12-08T16:44:08","guid":{"rendered":"https:\/\/arsdidactica.com\/?post_type=product&#038;p=589"},"modified":"2024-12-13T17:32:43","modified_gmt":"2024-12-13T17:32:43","slug":"visita-guiada-nocturna-a-besalu","status":"publish","type":"product","link":"https:\/\/arsdidactica.com\/en\/producto\/visita-guiada-nocturna-a-besalu\/","title":{"rendered":"Night Tour to Besal\u00fa"},"content":{"rendered":"<p>At night the medieval town has a special charm. Its Stone-paved streets light up and our visit will take you on a trip back in time through the history of what was once the capital of the important \u2018countdom\u2019 of Besal\u00fa. We begin the visit by explaining how Besal\u00fa was founded from a viewpoint situated in the medieval walls. Then, we head off into the Jewish quarter to visit the archaeological remains of the synagogue and the Jewish baths (miqv\u00e9). From the Pla\u00e7a dels Jueus we will provide a detailed explanation of the town\u2019s most famous monument, the medieval bridge. From here, we follow the river Fluvi\u00e0 as far as the former hospice of St.Juli\u00e0 ant then the Monastery of St.Pere (exterior only) and the church of St.Vicen\u00e7 (exterior only).<\/p>\n<p>&nbsp;<\/p>\n<h3>We will visit<\/h3>\n<p>The jewish quarter, the jewish baths (miqv\u00e9), the archaeological remains of the synagogue, the medieval bridge, the old hospice of St.Juli\u00e0, the Monastery of St. Pere, the church of St.Vicen\u00e7.<\/p>\n<p>&nbsp;<\/p>\n<h3>Duration<\/h3>\n<p>1 hour and 45 minutes.<\/p>\n<p>&nbsp;<\/p>\n<h3>Other information<\/h3>\n<p>To end the tour, you can dine in a restaurant offering a gastronomic menu.<\/p>\n<p>&nbsp;<\/p>\n<h3>Price<\/h3>\n<p>Group of minimum 10 people : 15\u20ac \/ person<\/p>","protected":false},"excerpt":{"rendered":"<p>De nit la vila medieval t\u00e9 un encant especial. Els seus carrers empedrats s\u2019il\u00b7luminen i podrem fer un viatge en el temps tot passejant i explicant la hist\u00f2ria de la que una vegada va ser la capital del comtat de Besal\u00fa. Comen\u00e7arem la visita pujant al mirador de la muralla per explicar la fundaci\u00f3 de Besal\u00fa.<\/p>","protected":false},"featured_media":590,"comment_status":"open","ping_status":"closed","template":"","meta":{"site-sidebar-layout":"default","site-content-layout":"","ast-site-content-layout":"default","site-content-style":"default","site-sidebar-style":"default","ast-global-header-display":"","ast-banner-title-visibility":"","ast-main-header-display":"","ast-hfb-above-header-display":"","ast-hfb-below-header-display":"","ast-hfb-mobile-header-display":"","site-post-title":"","ast-breadcrumbs-content":"","ast-featured-img":"","footer-sml-layout":"","theme-transparent-header-meta":"default","adv-header-id-meta":"","stick-header-meta":"","header-above-stick-meta":"","header-main-stick-meta":"","header-below-stick-meta":"","astra-migrate-meta-layouts":"set","ast-page-background-enabled":"default","ast-page-background-meta":{"desktop":{"background-color":"var(--ast-global-color-4)","background-image":"","background-repeat":"repeat","background-position":"center center","background-size":"auto","background-attachment":"scroll","background-type":"","background-media":"","overlay-type":"","overlay-color":"","overlay-opacity":"","overlay-gradient":""},"tablet":{"background-color":"","background-image":"","background-repeat":"repeat","background-position":"center center","background-size":"auto","background-attachment":"scroll","background-type":"","background-media":"","overlay-type":"","overlay-color":"","overlay-opacity":"","overlay-gradient":""},"mobile":{"background-color":"","background-image":"","background-repeat":"repeat","background-position":"center center","background-size":"auto","background-attachment":"scroll","background-type":"","background-media":"","overlay-type":"","overlay-color":"","overlay-opacity":"","overlay-gradient":""}},"ast-content-background-meta":{"desktop":{"background-color":"var(--ast-global-color-5)","background-image":"","background-repeat":"repeat","background-position":"center center","background-size":"auto","background-attachment":"scroll","background-type":"","background-media":"","overlay-type":"","overlay-color":"","overlay-opacity":"","overlay-gradient":""},"tablet":{"background-color":"var(--ast-global-color-5)","background-image":"","background-repeat":"repeat","background-position":"center center","background-size":"auto","background-attachment":"scroll","background-type":"","background-media":"","overlay-type":"","overlay-color":"","overlay-opacity":"","overlay-gradient":""},"mobile":{"background-color":"var(--ast-global-color-5)","background-image":"","background-repeat":"repeat","background-position":"center center","background-size":"auto","background-attachment":"scroll","background-type":"","background-media":"","overlay-type":"","overlay-color":"","overlay-opacity":"","overlay-gradient":""}}},"product_cat":[20],"product_tag":[],"class_list":{"0":"post-589","1":"product","2":"type-product","3":"status-publish","4":"has-post-thumbnail","6":"product_cat-besalu","7":"desktop-align-left","8":"tablet-align-left","9":"mobile-align-left","11":"first","12":"instock","13":"shipping-taxable","14":"product-type-simple"},"_links":{"self":[{"href":"https:\/\/arsdidactica.com\/en\/wp-json\/wp\/v2\/product\/589","targetHints":{"allow":["GET"]}}],"collection":[{"href":"https:\/\/arsdidactica.com\/en\/wp-json\/wp\/v2\/product"}],"about":[{"href":"https:\/\/arsdidactica.com\/en\/wp-json\/wp\/v2\/types\/product"}],"replies":[{"embeddable":true,"href":"https:\/\/arsdidactica.com\/en\/wp-json\/wp\/v2\/comments?post=589"}],"wp:featuredmedia":[{"embeddable":true,"href":"https:\/\/arsdidactica.com\/en\/wp-json\/wp\/v2\/media\/590"}],"wp:attachment":[{"href":"https:\/\/arsdidactica.com\/en\/wp-json\/wp\/v2\/media?parent=589"}],"wp:term":[{"taxonomy":"product_cat","embeddable":true,"href":"https:\/\/arsdidactica.com\/en\/wp-json\/wp\/v2\/product_cat?post=589"},{"taxonomy":"product_tag","embeddable":true,"href":"https:\/\/arsdidactica.com\/en\/wp-json\/wp\/v2\/product_tag?post=589"}],"curies":[{"name":"wp","href":"https:\/\/api.w.org\/{rel}","templated":true}]}}