{"id":364,"date":"2024-09-02T23:06:47","date_gmt":"2024-09-02T23:06:47","guid":{"rendered":"https:\/\/arsdidactica.com\/?post_type=product&#038;p=364"},"modified":"2024-12-13T17:14:14","modified_gmt":"2024-12-13T17:14:14","slug":"visita-guiada-a-la-juderia-de-besalu","status":"publish","type":"product","link":"https:\/\/arsdidactica.com\/en\/producto\/visita-guiada-a-la-juderia-de-besalu\/","title":{"rendered":"Guided visit to the jewish quarter of Besal\u00fa"},"content":{"rendered":"<p>Besal\u00fa boasts one the best-preserved medieval quarters in the whole of Catalonia. Our guided visit will show you part of the rich Jewish heritage found in Besal\u00fa and how the Jewish population lived in medieval times.<\/p>\n<p>The streets of the Jewish call are a complex maze that takes you back to the town\u2019s medieval past.<\/p>\n<p>We will visit the remains of the synagogue and from a nearby viewpoint we will explain the fascinating history of the town\u2019s medieval bridge.<\/p>\n<p>We finish by entering the Jewish baths (miqv\u00e9), one of the few medieval Jewish purification baths that remain in Europe.<\/p>\n<p>&nbsp;<\/p>\n<h3>We will visit<\/h3>\n<p>The jewish quarter, the jewish purification baths, the archaeological remains of the synagogue and the medieval bridge.<\/p>\n<p>&nbsp;<\/p>\n<h3>Other information<\/h3>\n<ul>\n<li>\u00ad You can combine this visit with one or more of our guided tours.<\/li>\n<li>If you are a group of less than 20 people we recommend you visit the section:\u00a0<a href=\"http:\/\/arsdidactica.com\/en\/?avada_portfolio=visites-guiades-programades&amp;lang=es\">Scheduled Guided Tours<\/a>.<\/li>\n<\/ul>\n<p>&nbsp;<\/p>\n<h3>Duration<\/h3>\n<p>30 minutes<\/p>\n<p>&nbsp;<\/p>\n<h3>Price<\/h3>\n<p>Contact us indicating the number of participants and we will make you a customized quote.<\/p>","protected":false},"excerpt":{"rendered":"<p>A Besal\u00fa es conserva un dels millors calls jueus medievals de Catalunya.  Els proposem una visita guiada per con\u00e8ixer el ric patrimoni jueu de la vila i com vivien els jueus a Besal\u00fa a l\u2019edat mitjana. Visitarem el Call jueu. Els seus carrers de complicat tra\u00e7at ens porten al passat medieval.<\/p>","protected":false},"featured_media":713,"comment_status":"open","ping_status":"closed","template":"","meta":{"site-sidebar-layout":"default","site-content-layout":"","ast-site-content-layout":"default","site-content-style":"default","site-sidebar-style":"default","ast-global-header-display":"","ast-banner-title-visibility":"","ast-main-header-display":"","ast-hfb-above-header-display":"","ast-hfb-below-header-display":"","ast-hfb-mobile-header-display":"","site-post-title":"","ast-breadcrumbs-content":"","ast-featured-img":"","footer-sml-layout":"","theme-transparent-header-meta":"default","adv-header-id-meta":"","stick-header-meta":"","header-above-stick-meta":"","header-main-stick-meta":"","header-below-stick-meta":"","astra-migrate-meta-layouts":"set","ast-page-background-enabled":"default","ast-page-background-meta":{"desktop":{"background-color":"var(--ast-global-color-4)","background-image":"","background-repeat":"repeat","background-position":"center center","background-size":"auto","background-attachment":"scroll","background-type":"","background-media":"","overlay-type":"","overlay-color":"","overlay-opacity":"","overlay-gradient":""},"tablet":{"background-color":"","background-image":"","background-repeat":"repeat","background-position":"center center","background-size":"auto","background-attachment":"scroll","background-type":"","background-media":"","overlay-type":"","overlay-color":"","overlay-opacity":"","overlay-gradient":""},"mobile":{"background-color":"","background-image":"","background-repeat":"repeat","background-position":"center center","background-size":"auto","background-attachment":"scroll","background-type":"","background-media":"","overlay-type":"","overlay-color":"","overlay-opacity":"","overlay-gradient":""}},"ast-content-background-meta":{"desktop":{"background-color":"var(--ast-global-color-5)","background-image":"","background-repeat":"repeat","background-position":"center center","background-size":"auto","background-attachment":"scroll","background-type":"","background-media":"","overlay-type":"","overlay-color":"","overlay-opacity":"","overlay-gradient":""},"tablet":{"background-color":"var(--ast-global-color-5)","background-image":"","background-repeat":"repeat","background-position":"center center","background-size":"auto","background-attachment":"scroll","background-type":"","background-media":"","overlay-type":"","overlay-color":"","overlay-opacity":"","overlay-gradient":""},"mobile":{"background-color":"var(--ast-global-color-5)","background-image":"","background-repeat":"repeat","background-position":"center center","background-size":"auto","background-attachment":"scroll","background-type":"","background-media":"","overlay-type":"","overlay-color":"","overlay-opacity":"","overlay-gradient":""}}},"product_cat":[20],"product_tag":[],"class_list":{"0":"post-364","1":"product","2":"type-product","3":"status-publish","4":"has-post-thumbnail","6":"product_cat-besalu","7":"desktop-align-left","8":"tablet-align-left","9":"mobile-align-left","11":"first","12":"instock","13":"shipping-taxable","14":"purchasable","15":"product-type-simple"},"_links":{"self":[{"href":"https:\/\/arsdidactica.com\/en\/wp-json\/wp\/v2\/product\/364","targetHints":{"allow":["GET"]}}],"collection":[{"href":"https:\/\/arsdidactica.com\/en\/wp-json\/wp\/v2\/product"}],"about":[{"href":"https:\/\/arsdidactica.com\/en\/wp-json\/wp\/v2\/types\/product"}],"replies":[{"embeddable":true,"href":"https:\/\/arsdidactica.com\/en\/wp-json\/wp\/v2\/comments?post=364"}],"wp:featuredmedia":[{"embeddable":true,"href":"https:\/\/arsdidactica.com\/en\/wp-json\/wp\/v2\/media\/713"}],"wp:attachment":[{"href":"https:\/\/arsdidactica.com\/en\/wp-json\/wp\/v2\/media?parent=364"}],"wp:term":[{"taxonomy":"product_cat","embeddable":true,"href":"https:\/\/arsdidactica.com\/en\/wp-json\/wp\/v2\/product_cat?post=364"},{"taxonomy":"product_tag","embeddable":true,"href":"https:\/\/arsdidactica.com\/en\/wp-json\/wp\/v2\/product_tag?post=364"}],"curies":[{"name":"wp","href":"https:\/\/api.w.org\/{rel}","templated":true}]}}